{"id":59,"date":"2025-04-22T05:04:03","date_gmt":"2025-04-22T05:04:03","guid":{"rendered":"https:\/\/aticos.cl\/?page_id=59"},"modified":"2025-04-22T05:23:44","modified_gmt":"2025-04-22T05:23:44","slug":"nuestros-clientes","status":"publish","type":"page","link":"https:\/\/aticos.cl\/index.php\/nuestros-clientes\/","title":{"rendered":"NUESTROS CLIENTES"},"content":{"rendered":"\n<h2 class=\"wp-block-heading\">Algunos testimonios de nuestros clientes:<\/h2>\n\n\n\n<figure class=\"wp-block-video\"><video height=\"1080\" style=\"aspect-ratio: 1920 \/ 1080;\" width=\"1920\" controls src=\"https:\/\/aticos.cl\/wp-content\/uploads\/2025\/04\/02h_2.mp4\"><\/video><\/figure>\n\n\n\n<h4 class=\"wp-block-heading\">\u00abQued\u00f3 super bueno \u00a1me encant\u00f3!\u00bb<\/h4>\n\n\n\n<hr class=\"wp-block-separator has-css-opacity\"\/>\n\n\n\n<figure class=\"wp-block-video\"><video height=\"480\" style=\"aspect-ratio: 640 \/ 480;\" width=\"640\" controls src=\"https:\/\/aticos.cl\/wp-content\/uploads\/2025\/04\/03h.mp4\"><\/video><\/figure>\n\n\n\n<h4 class=\"wp-block-heading\">\u00abHicieron todo el trabajo en un d\u00eda. Muy profesional\u00bb<\/h4>\n\n\n\n<hr class=\"wp-block-separator has-css-opacity\"\/>\n\n\n\n<figure class=\"wp-block-video\"><video height=\"480\" style=\"aspect-ratio: 640 \/ 480;\" width=\"640\" controls src=\"https:\/\/aticos.cl\/wp-content\/uploads\/2025\/04\/02h_4.mp4\"><\/video><\/figure>\n\n\n\n<h4 class=\"wp-block-heading\">\u00abQued\u00f3 super firme. Se nota un material de calidad\u00bb<\/h4>\n\n\n\n<hr class=\"wp-block-separator has-css-opacity\"\/>\n\n\n\n<figure class=\"wp-block-video\"><video height=\"640\" style=\"aspect-ratio: 640 \/ 640;\" width=\"640\" controls src=\"https:\/\/aticos.cl\/wp-content\/uploads\/2025\/04\/04v_4.mp4\"><\/video><\/figure>\n\n\n\n<h4 class=\"wp-block-heading\">\u00abMuy bien el trabajo. Es lo que esperaba.\u00bb<\/h4>\n\n\n\n<hr class=\"wp-block-separator has-css-opacity\"\/>\n\n\n\n<figure class=\"wp-block-video\"><video height=\"640\" style=\"aspect-ratio: 640 \/ 640;\" width=\"640\" controls src=\"https:\/\/aticos.cl\/wp-content\/uploads\/2025\/04\/04v_5.mp4\"><\/video><\/figure>\n\n\n\n<h4 class=\"wp-block-heading\">\u00abel trabajo qued\u00f3 impecable. Lo hicieron en el tiempo comprometido, incluso un poco antes\u00bb<\/h4>\n\n\n\n<hr class=\"wp-block-separator has-css-opacity\"\/>\n\n\n\n<figure class=\"wp-block-video\"><video height=\"640\" style=\"aspect-ratio: 640 \/ 640;\" width=\"640\" controls src=\"https:\/\/aticos.cl\/wp-content\/uploads\/2025\/04\/08v.mp4\"><\/video><\/figure>\n\n\n\n<h4 class=\"wp-block-heading\">\u00abSe nota la calidad. Bastante limpio y r\u00e1pido.\u00bb<\/h4>\n\n\n\n<hr class=\"wp-block-separator has-css-opacity\"\/>\n\n\n\n<figure class=\"wp-block-video\"><video height=\"640\" style=\"aspect-ratio: 640 \/ 640;\" width=\"640\" controls src=\"https:\/\/aticos.cl\/wp-content\/uploads\/2025\/04\/04v_6-1.mp4\"><\/video><\/figure>\n\n\n\n<h4 class=\"wp-block-heading\">\u00abNecesit\u00e1bamos el espacio hace rato para poder almacenar cosas. Muy contento con los resultados.\u00bb<\/h4>\n\n\n\n<hr class=\"wp-block-separator has-css-opacity\"\/>\n\n\n\n<figure class=\"wp-block-video\"><video height=\"848\" style=\"aspect-ratio: 480 \/ 848;\" width=\"480\" controls src=\"https:\/\/aticos.cl\/wp-content\/uploads\/2025\/04\/VID-20241125-WA0002.mp4\"><\/video><\/figure>\n\n\n\n<h4 class=\"wp-block-heading\">\u00abFueron 18 metros cuadrados. Se ve bastante amplio.\u00bb<\/h4>\n\n\n\n<hr class=\"wp-block-separator has-css-opacity\"\/>\n\n\n\n<figure class=\"wp-block-video\"><video height=\"848\" style=\"aspect-ratio: 480 \/ 848;\" width=\"480\" controls src=\"https:\/\/aticos.cl\/wp-content\/uploads\/2025\/04\/VID-20250217-WA0005.mp4\"><\/video><\/figure>\n\n\n\n<h4 class=\"wp-block-heading\">\u00abSe nota que saben hacer el trabajo.\u00bb<\/h4>\n\n\n\n<hr class=\"wp-block-separator has-css-opacity\"\/>\n\n\n\n<figure class=\"wp-block-video\"><video height=\"848\" style=\"aspect-ratio: 480 \/ 848;\" width=\"480\" controls src=\"https:\/\/aticos.cl\/wp-content\/uploads\/2025\/04\/VID-20250309-WA0001.mp4\"><\/video><\/figure>\n\n\n\n<h4 class=\"wp-block-heading\">\u00abEste \u00e1tico lo ten\u00edamos pr\u00e1cticamente perdido. Estoy muy contenta.\u00bb<\/h4>\n","protected":false},"excerpt":{"rendered":"<p>Algunos testimonios de nuestros clientes: \u00abQued\u00f3 super bueno \u00a1me encant\u00f3!\u00bb \u00abHicieron todo el trabajo en un d\u00eda. Muy profesional\u00bb \u00abQued\u00f3 super firme. Se nota un material de calidad\u00bb \u00abMuy bien el trabajo. Es lo que esperaba.\u00bb \u00abel trabajo qued\u00f3 impecable. Lo hicieron en el tiempo comprometido, incluso un poco antes\u00bb \u00abSe nota la calidad. Bastante [&hellip;]<\/p>\n","protected":false},"author":1,"featured_media":0,"parent":0,"menu_order":0,"comment_status":"closed","ping_status":"closed","template":"","meta":{"_uag_custom_page_level_css":"","footnotes":""},"class_list":["post-59","page","type-page","status-publish","hentry"],"yoast_head":"<!-- This site is optimized with the Yoast SEO plugin v24.9 - https:\/\/yoast.com\/wordpress\/plugins\/seo\/ -->\n<title>NUESTROS CLIENTES - ATICOS<\/title>\n<meta name=\"robots\" content=\"index, follow, max-snippet:-1, max-image-preview:large, max-video-preview:-1\" \/>\n<link rel=\"canonical\" href=\"https:\/\/aticos.cl\/index.php\/nuestros-clientes\/\" \/>\n<meta property=\"og:locale\" content=\"es_ES\" \/>\n<meta property=\"og:type\" content=\"article\" \/>\n<meta property=\"og:title\" content=\"NUESTROS CLIENTES - ATICOS\" \/>\n<meta property=\"og:description\" content=\"Algunos testimonios de nuestros clientes: \u00abQued\u00f3 super bueno \u00a1me encant\u00f3!\u00bb \u00abHicieron todo el trabajo en un d\u00eda. Muy profesional\u00bb \u00abQued\u00f3 super firme. Se nota un material de calidad\u00bb \u00abMuy bien el trabajo. Es lo que esperaba.\u00bb \u00abel trabajo qued\u00f3 impecable. Lo hicieron en el tiempo comprometido, incluso un poco antes\u00bb \u00abSe nota la calidad. Bastante [&hellip;]\" \/>\n<meta property=\"og:url\" content=\"https:\/\/aticos.cl\/index.php\/nuestros-clientes\/\" \/>\n<meta property=\"og:site_name\" content=\"ATICOS\" \/>\n<meta property=\"article:publisher\" content=\"https:\/\/web.facebook.com\/people\/Valls-Empresas\/100064926342444\/\" \/>\n<meta property=\"article:modified_time\" content=\"2025-04-22T05:23:44+00:00\" \/>\n<meta name=\"twitter:card\" content=\"summary_large_image\" \/>\n<meta name=\"twitter:label1\" content=\"Tiempo de lectura\" \/>\n\t<meta name=\"twitter:data1\" content=\"1 minuto\" \/>\n<script type=\"application\/ld+json\" class=\"yoast-schema-graph\">{\"@context\":\"https:\/\/schema.org\",\"@graph\":[{\"@type\":\"WebPage\",\"@id\":\"https:\/\/aticos.cl\/index.php\/nuestros-clientes\/\",\"url\":\"https:\/\/aticos.cl\/index.php\/nuestros-clientes\/\",\"name\":\"NUESTROS CLIENTES - ATICOS\",\"isPartOf\":{\"@id\":\"https:\/\/aticos.cl\/#website\"},\"datePublished\":\"2025-04-22T05:04:03+00:00\",\"dateModified\":\"2025-04-22T05:23:44+00:00\",\"breadcrumb\":{\"@id\":\"https:\/\/aticos.cl\/index.php\/nuestros-clientes\/#breadcrumb\"},\"inLanguage\":\"es\",\"potentialAction\":[{\"@type\":\"ReadAction\",\"target\":[\"https:\/\/aticos.cl\/index.php\/nuestros-clientes\/\"]}]},{\"@type\":\"BreadcrumbList\",\"@id\":\"https:\/\/aticos.cl\/index.php\/nuestros-clientes\/#breadcrumb\",\"itemListElement\":[{\"@type\":\"ListItem\",\"position\":1,\"name\":\"Portada\",\"item\":\"https:\/\/aticos.cl\/\"},{\"@type\":\"ListItem\",\"position\":2,\"name\":\"NUESTROS CLIENTES\"}]},{\"@type\":\"WebSite\",\"@id\":\"https:\/\/aticos.cl\/#website\",\"url\":\"https:\/\/aticos.cl\/\",\"name\":\"ATICOS\",\"description\":\"\",\"publisher\":{\"@id\":\"https:\/\/aticos.cl\/#organization\"},\"potentialAction\":[{\"@type\":\"SearchAction\",\"target\":{\"@type\":\"EntryPoint\",\"urlTemplate\":\"https:\/\/aticos.cl\/?s={search_term_string}\"},\"query-input\":{\"@type\":\"PropertyValueSpecification\",\"valueRequired\":true,\"valueName\":\"search_term_string\"}}],\"inLanguage\":\"es\"},{\"@type\":\"Organization\",\"@id\":\"https:\/\/aticos.cl\/#organization\",\"name\":\"Aticos VALLioSos\",\"url\":\"https:\/\/aticos.cl\/\",\"logo\":{\"@type\":\"ImageObject\",\"inLanguage\":\"es\",\"@id\":\"https:\/\/aticos.cl\/#\/schema\/logo\/image\/\",\"url\":\"https:\/\/aticos.cl\/wp-content\/uploads\/2025\/04\/cropped-logocomb.jpg\",\"contentUrl\":\"https:\/\/aticos.cl\/wp-content\/uploads\/2025\/04\/cropped-logocomb.jpg\",\"width\":175,\"height\":117,\"caption\":\"Aticos VALLioSos\"},\"image\":{\"@id\":\"https:\/\/aticos.cl\/#\/schema\/logo\/image\/\"},\"sameAs\":[\"https:\/\/web.facebook.com\/people\/Valls-Empresas\/100064926342444\/\",\"https:\/\/www.instagram.com\/vallsempresas\",\"https:\/\/www.tiktok.com\/@aticos_valls\"]}]}<\/script>\n<!-- \/ Yoast SEO plugin. -->","yoast_head_json":{"title":"NUESTROS CLIENTES - ATICOS","robots":{"index":"index","follow":"follow","max-snippet":"max-snippet:-1","max-image-preview":"max-image-preview:large","max-video-preview":"max-video-preview:-1"},"canonical":"https:\/\/aticos.cl\/index.php\/nuestros-clientes\/","og_locale":"es_ES","og_type":"article","og_title":"NUESTROS CLIENTES - ATICOS","og_description":"Algunos testimonios de nuestros clientes: \u00abQued\u00f3 super bueno \u00a1me encant\u00f3!\u00bb \u00abHicieron todo el trabajo en un d\u00eda. Muy profesional\u00bb \u00abQued\u00f3 super firme. Se nota un material de calidad\u00bb \u00abMuy bien el trabajo. Es lo que esperaba.\u00bb \u00abel trabajo qued\u00f3 impecable. Lo hicieron en el tiempo comprometido, incluso un poco antes\u00bb \u00abSe nota la calidad. Bastante [&hellip;]","og_url":"https:\/\/aticos.cl\/index.php\/nuestros-clientes\/","og_site_name":"ATICOS","article_publisher":"https:\/\/web.facebook.com\/people\/Valls-Empresas\/100064926342444\/","article_modified_time":"2025-04-22T05:23:44+00:00","twitter_card":"summary_large_image","twitter_misc":{"Tiempo de lectura":"1 minuto"},"schema":{"@context":"https:\/\/schema.org","@graph":[{"@type":"WebPage","@id":"https:\/\/aticos.cl\/index.php\/nuestros-clientes\/","url":"https:\/\/aticos.cl\/index.php\/nuestros-clientes\/","name":"NUESTROS CLIENTES - ATICOS","isPartOf":{"@id":"https:\/\/aticos.cl\/#website"},"datePublished":"2025-04-22T05:04:03+00:00","dateModified":"2025-04-22T05:23:44+00:00","breadcrumb":{"@id":"https:\/\/aticos.cl\/index.php\/nuestros-clientes\/#breadcrumb"},"inLanguage":"es","potentialAction":[{"@type":"ReadAction","target":["https:\/\/aticos.cl\/index.php\/nuestros-clientes\/"]}]},{"@type":"BreadcrumbList","@id":"https:\/\/aticos.cl\/index.php\/nuestros-clientes\/#breadcrumb","itemListElement":[{"@type":"ListItem","position":1,"name":"Portada","item":"https:\/\/aticos.cl\/"},{"@type":"ListItem","position":2,"name":"NUESTROS CLIENTES"}]},{"@type":"WebSite","@id":"https:\/\/aticos.cl\/#website","url":"https:\/\/aticos.cl\/","name":"ATICOS","description":"","publisher":{"@id":"https:\/\/aticos.cl\/#organization"},"potentialAction":[{"@type":"SearchAction","target":{"@type":"EntryPoint","urlTemplate":"https:\/\/aticos.cl\/?s={search_term_string}"},"query-input":{"@type":"PropertyValueSpecification","valueRequired":true,"valueName":"search_term_string"}}],"inLanguage":"es"},{"@type":"Organization","@id":"https:\/\/aticos.cl\/#organization","name":"Aticos VALLioSos","url":"https:\/\/aticos.cl\/","logo":{"@type":"ImageObject","inLanguage":"es","@id":"https:\/\/aticos.cl\/#\/schema\/logo\/image\/","url":"https:\/\/aticos.cl\/wp-content\/uploads\/2025\/04\/cropped-logocomb.jpg","contentUrl":"https:\/\/aticos.cl\/wp-content\/uploads\/2025\/04\/cropped-logocomb.jpg","width":175,"height":117,"caption":"Aticos VALLioSos"},"image":{"@id":"https:\/\/aticos.cl\/#\/schema\/logo\/image\/"},"sameAs":["https:\/\/web.facebook.com\/people\/Valls-Empresas\/100064926342444\/","https:\/\/www.instagram.com\/vallsempresas","https:\/\/www.tiktok.com\/@aticos_valls"]}]}},"uagb_featured_image_src":{"full":false,"thumbnail":false,"medium":false,"medium_large":false,"large":false,"1536x1536":false,"2048x2048":false,"consultera-720":false},"uagb_author_info":{"display_name":"admin","author_link":"https:\/\/aticos.cl\/index.php\/author\/admin_8dh0zbzc\/"},"uagb_comment_info":0,"uagb_excerpt":"Algunos testimonios de nuestros clientes: \u00abQued\u00f3 super bueno \u00a1me encant\u00f3!\u00bb \u00abHicieron todo el trabajo en un d\u00eda. Muy profesional\u00bb \u00abQued\u00f3 super firme. Se nota un material de calidad\u00bb \u00abMuy bien el trabajo. Es lo que esperaba.\u00bb \u00abel trabajo qued\u00f3 impecable. Lo hicieron en el tiempo comprometido, incluso un poco antes\u00bb \u00abSe nota la calidad. Bastante&hellip;","_links":{"self":[{"href":"https:\/\/aticos.cl\/index.php\/wp-json\/wp\/v2\/pages\/59","targetHints":{"allow":["GET"]}}],"collection":[{"href":"https:\/\/aticos.cl\/index.php\/wp-json\/wp\/v2\/pages"}],"about":[{"href":"https:\/\/aticos.cl\/index.php\/wp-json\/wp\/v2\/types\/page"}],"author":[{"embeddable":true,"href":"https:\/\/aticos.cl\/index.php\/wp-json\/wp\/v2\/users\/1"}],"replies":[{"embeddable":true,"href":"https:\/\/aticos.cl\/index.php\/wp-json\/wp\/v2\/comments?post=59"}],"version-history":[{"count":4,"href":"https:\/\/aticos.cl\/index.php\/wp-json\/wp\/v2\/pages\/59\/revisions"}],"predecessor-version":[{"id":73,"href":"https:\/\/aticos.cl\/index.php\/wp-json\/wp\/v2\/pages\/59\/revisions\/73"}],"wp:attachment":[{"href":"https:\/\/aticos.cl\/index.php\/wp-json\/wp\/v2\/media?parent=59"}],"curies":[{"name":"wp","href":"https:\/\/api.w.org\/{rel}","templated":true}]}}